{"id":114,"date":"2023-04-06T14:26:03","date_gmt":"2023-04-06T11:26:03","guid":{"rendered":"http:\/\/10.135.32.32\/?page_id=110"},"modified":"2024-09-16T14:00:23","modified_gmt":"2024-09-16T11:00:23","slug":"yuksek-ogrenim-destegi","status":"publish","type":"page","link":"https:\/\/pttvakfi.org.tr\/index.php\/yonetmelikler\/yuksek-ogrenim-destegi\/","title":{"rendered":"Y\u00fcksek \u00d6\u011frenim Deste\u011fi"},"content":{"rendered":"<div class=\"post-content\">\n<p><strong>MADDE 1-AMA\u00c7:<\/strong><\/p>\n\n\n\n<p>(1) Vak\u0131f \u00fcyelerinin, yurt i\u00e7inde veya yurtd\u0131\u015f\u0131nda \u00f6n lisans ve lisans d\u00fczeylerinde y\u00fcksek \u00f6\u011fretim kurumlar\u0131na devam eden \u00e7ocuklar\u0131na, bu y\u00f6netmelik h\u00fck\u00fcmlerine uygun olarak \u00f6\u011frenim deste\u011fi verilmek suretiyle kar\u015f\u0131l\u0131kl\u0131 yard\u0131mda bulunmas\u0131d\u0131r.<\/p>\n\n\n\n<p><strong>MADDE 2- KAPSAM:<\/strong><\/p>\n\n\n\n<p>(1) Y\u00fcksek\u00f6\u011frenim deste\u011finden, ba\u015fvuru tarihinde&nbsp;bir y\u0131ll\u0131k&nbsp;\u00fcyelik s\u00fcresini&nbsp;tamamlam\u0131\u015f olan Vak\u0131f \u00fcyeleri yararlan\u0131r.<\/p>\n\n\n\n<p>(2) Destek talebinde bulunanlar\u0131n say\u0131s\u0131n\u0131n vak\u0131f\u00e7a tahsis edilen parasal kaynaktan fazla olmas\u0131 halinde, destek tahsis edileceklerin se\u00e7imi, Y\u00f6netim Kurulunca belirlenecek usul ve esaslara g\u00f6re yap\u0131l\u0131r.<\/p>\n\n\n\n<p>(3) Se\u00e7im i\u015fleminde, gerekti\u011finde, \u00fcyelerin \u00f6ks\u00fcz ve yetim olan \u00e7ocuklar\u0131 ile d\u00fc\u015f\u00fck dereceli memur, daimi i\u015f\u00e7i ve emekli durumundaki yoksul \u00fcyelerin \u00e7ocuklar\u0131na \u00f6ncelik hakk\u0131 verilir.<\/p>\n\n\n\n<p>(4) \u00d6denecek destek miktar\u0131, Vak\u0131f mali durumu dikkate al\u0131narak, Y\u00f6netim Kurulunca belirlenir ve uygun ileti\u015fim kanallar\u0131yla duyurulur.<\/p>\n\n\n\n<p><strong>MADDE 3-DESTEKTEN YARARLANAMAYACAK OLANLAR:<\/strong><\/p>\n\n\n\n<p>(1) A\u015fa\u011f\u0131da belirtilenlere y\u00fcksek\u00f6\u011frenim deste\u011fi yap\u0131lmaz:<\/p>\n\n\n\n<p>a) Ba\u015fvuru tarihinde kesintisiz bir y\u0131l \u00fcyelik s\u00fcresini doldurmayan \u00fcyelerin \u00e7ocuklar\u0131,<\/p>\n\n\n\n<p>b) A\u00e7\u0131k \u00f6\u011fretim fak\u00fcltesinin \u00f6rg\u00fcn e\u011fitim mecburiyeti bulunan b\u00f6l\u00fcmlerinde \u00f6\u011frenim g\u00f6ren \u00f6\u011frenciler hari\u00e7 A\u00e7\u0131k \u00d6\u011fretim Fak\u00fcltesine kay\u0131tl\u0131 olanlar,<\/p>\n\n\n\n<p>c) Askeri veya sivil okullarda yat\u0131l\u0131 olarak \u00f6\u011frenimde bulunanlar,<\/p>\n\n\n\n<p>d) Y\u00fcksek\u00f6\u011frenimleri s\u0131ras\u0131nda, herhangi bir i\u015fyerinde \u00fccret kar\u015f\u0131l\u0131\u011f\u0131nda \u00e7al\u0131\u015fmakta olanlar,<\/p>\n\n\n\n<p>e) Uzaktan e\u011fitim g\u00f6renler,<\/p>\n\n\n\n<p>f) Vak\u0131ftan alm\u0131\u015f oldu\u011fu y\u00fcksek\u00f6\u011frenim destek borcunu ferileriyle bitirmeyenler ikinci kez Y\u00fcksek\u00f6\u011frenim deste\u011finden yararlanamaz,<\/p>\n\n\n\n<p>g) Lisans\u00fcst\u00fc ve benzeri \u00f6\u011frenim yapmakta olanlar, y\u00fcksek\u00f6\u011frenim deste\u011finden yararlanamazlar.<\/p>\n\n\n\n<p>(2) Vakf\u0131n gelir durumu artt\u0131k\u00e7a, yukar\u0131da yaz\u0131l\u0131 olan maddeler, Y\u00f6netim Kurulu karar\u0131yla k\u0131smen veya tamamen Y\u00f6netmelikten \u00e7\u0131kar\u0131labilir.<\/p>\n\n\n\n<p><strong>MADDE 4- DESTEK \u00d6DEMES\u0130:<\/strong><\/p>\n\n\n\n<p>(1) Destek \u00f6demesi, \u00f6\u011frencinin PTT Merkez ve \u015eubelerinde a\u00e7t\u0131raca\u011f\u0131 posta \u00e7eki hesaplar\u0131na havale edilir.<\/p>\n\n\n\n<p><strong>MADDE 5- DESTEK \u00d6DEME S\u00dcRES\u0130:<\/strong><\/p>\n\n\n\n<p>(1) Destek \u00f6demesine, \u00f6\u011frencinin bulundu\u011fu s\u0131n\u0131ftan itibaren ba\u015flan\u0131r ve okulun kalan \u00f6\u011frenim s\u00fcresi kadar devam eder.<\/p>\n\n\n\n<p>(2) Destek tahsisinden \u00f6nceki \u00f6\u011frenim s\u00fcresi i\u00e7in \u00f6deme yap\u0131lmaz.<\/p>\n\n\n\n<p>(3) \u00d6demelere, her y\u0131l Ekim ay\u0131nda ba\u015flan\u0131r. Haziran ay\u0131nda son bulur. Temmuz, A\u011fustos ve Eyl\u00fcl aylar\u0131 i\u00e7in \u00f6deme yap\u0131lmaz.<\/p>\n\n\n\n<p>(4) Son s\u0131n\u0131fta bulunan \u00f6\u011frencilerin deste\u011fi, o y\u0131l\u0131n Haziran ay\u0131 sonunda okulu bitmemi\u015f olsa dahi kesilir.<\/p>\n\n\n\n<p>(5) Herhangi bir nedenle okulundan ayr\u0131lm\u0131\u015f olanlar ile \u00f6\u011frenim kurumundan al\u0131nacak belgeyi her y\u0131l 15 Aral\u0131k tarihine kadar g\u00f6ndermeyenlerin yap\u0131lmakta olan destek \u00f6demeleri durdurulur.<\/p>\n\n\n\n<p><strong>MADDE 6- DESTEK UYGULAMASINDA D\u0130KKAT ED\u0130LECEK HUSUSLAR:<\/strong><\/p>\n\n\n\n<p>(1) Destek \u00f6denmesine ba\u015flan\u0131lmadan \u00f6nce:<\/p>\n\n\n\n<p>(a) Kefalet Senedi, Bor\u00e7lu ve Kefillerin imza ve kimlikleri, Yetkili \u00dcnite M\u00fcd\u00fcr\u00fcne tasdik ettirilerek veya asl\u0131na uygunlu\u011fu tasdik edilmi\u015f genel vek\u00e2letnameye dayanarak \u00fcye ve kefillerin avukat\u0131 taraf\u0131ndan veya imzalar\u0131n Noterden onaylat\u0131lmas\u0131 veya imzalar\u0131n PTT Vakf\u0131 Y\u00f6netim Kurulu as\u0131l veya yedek \u00fcyeleri, M\u00fcd\u00fcr\u00fc ve\/veya m\u00fcd\u00fcr yard\u0131mc\u0131s\u0131 huzurunda at\u0131lmas\u0131 suretiyle tanzim ve tasdik edilerek Y\u00fcksek \u00d6\u011frenim Destek Taahh\u00fct ve Kefalet Senedinin,<\/p>\n\n\n\n<p>(b) Her y\u0131l \u00f6\u011frenimin ba\u015f\u0131nda \u00f6\u011frencili\u011finin devam etmekte oldu\u011funa dair, \u00f6\u011frenim kurumundan al\u0131nacak belgenin,<\/p>\n\n\n\n<p>(c) \u00d6\u011frencinin ad\u0131na PTT Merkez ve \u015eubelerinde a\u00e7t\u0131raca\u011f\u0131 Posta \u00c7eki hesap numaras\u0131n\u0131n,<\/p>\n\n\n\n<p>\u00dcye taraf\u0131ndan Vak\u0131f Ba\u015fkanl\u0131\u011f\u0131na belirlenen s\u00fcre i\u00e7inde ibraz etmesi gerekir.<\/p>\n\n\n\n<p>(2) Yukar\u0131da 1 inci f\u0131krada belirtilen belgelerin \u00f6\u011frenimin ba\u015flad\u0131\u011f\u0131 tarih veya en ge\u00e7 ba\u015fvuru tarihine kadar Vak\u0131f Genel Ba\u015fkanl\u0131\u011f\u0131\u00b4na eksiksiz olarak g\u00f6nderilmesi, bu belgelerinde eksik olmas\u0131 halinde tamamlanarak&nbsp;belirlenen s\u00fcre i\u00e7erisinde Vak\u0131f Genel Ba\u015fkanl\u0131\u011f\u0131na g\u00f6nderilmesi gerekmektedir. Aksi halde belgeler g\u00f6nderilene kadar \u00f6deme yap\u0131lmaz.<\/p>\n\n\n\n<p>(3) Destek \u00f6demesi yap\u0131lacak \u00f6\u011frenciler, zaman\u0131nda destek paralar\u0131n\u0131 alabilmeleri i\u00e7in PTT Merkez ve \u015eubelerinde a\u00e7t\u0131rd\u0131klar\u0131 hesap numaras\u0131nda de\u011fi\u015fiklik olmas\u0131 halinde bu de\u011fi\u015fikli\u011fi, cari ayda destek \u00f6demelerinin yap\u0131laca\u011f\u0131 tarihe kadar Vakfa bildireceklerdir. Bildirilmemesi halinde bundan do\u011facak sorumluluk kendilerine ait olup, vuku bulacak uyu\u015fmazl\u0131klarda Vak\u0131f kay\u0131t ve hesaplar\u0131 ge\u00e7erli olacakt\u0131r.<\/p>\n\n\n\n<p><strong>MADDE 7- DESTE\u011e\u0130N GER\u0130 \u00d6DENMES\u0130:<\/strong><\/p>\n\n\n\n<p>(1)&nbsp;Y\u00fcksek\u00f6\u011frenim destek uygulamas\u0131, vadelerinde \u00f6denmesi kayd\u0131yla faizsiz geri \u00f6demeli olarak yap\u0131l\u0131r. Geri \u00f6deme miktar\u0131, Y\u00f6netim Kurulu taraf\u0131ndan belirlenen ayl\u0131k taksit miktar\u0131 \u00fczerinden \u00f6denir. Senette yaz\u0131l\u0131 miktar\u0131n \u00f6denen destek miktar\u0131n\u0131n alt\u0131nda kalmas\u0131 halinde fiilen \u00f6denen destek miktar\u0131 esas al\u0131narak sorumluluk ve kefalet miktar\u0131 belirlenecek ve geri \u00f6deme yap\u0131lacakt\u0131r. \u0130lk taksit \u00f6demesine, uzat\u0131lm\u0131\u015f dahi olsa okulun normal \u00f6\u011frenim s\u00fcresi i\u00e7in belirlen s\u00fcrenin bitiminden bir y\u0131l sonraki&nbsp;Temmuz ay\u0131&nbsp;i\u00e7inde ba\u015flan\u0131r.<\/p>\n\n\n\n<p>(2) Vak\u0131f Senedinin 22 inci maddesinde belirtilenler ve\/veya PTT ve T\u00fcrk Telekom Genel M\u00fcd\u00fcrl\u00fckleri, PTT Vakf\u0131, PTT Biriktirme ve Yard\u0131m Sand\u0131\u011f\u0131, T\u00fcrk Telekom Personeli Biriktirme ve Yard\u0131m Sand\u0131\u011f\u0131, PTT ve Telekom Memurlar\u0131 M\u00fcteselsil kefalet Sand\u0131klar\u0131 ile bunlar\u0131n ortakl\u0131k ve\/veya i\u015ftiraklerinden ayr\u0131ld\u0131ktan sonra \u00fcyeli\u011fi devam ettirmeyenler ile \u00e7al\u0131\u015fmakta iken emekli olduktan sonra \u00fcye veya emekli \u00fcye olarak \u00fcyeli\u011fini devam ettirmemeleri nedeniyle \u00fcyelikleri d\u00fc\u015fen \u00fcyelerimizin; ayr\u0131l\u0131\u015f\/emekli olu\u015f tarihinden \u00f6nce Y\u00fcksek\u00f6\u011frenim deste\u011fi tahsis edilen \u00e7ocuklar\u0131na, \u00fcyeliklerinin devam\u0131 veya yenilenmesi yap\u0131l\u0131ncaya kadar \u00f6denmekte olan Y\u00fcksek\u00f6\u011frenim deste\u011fi durdurulur. Bu durum \u00fc\u00e7 (3) ay devam eder. E\u011fer \u00fcyelik devam ettirilmez veya yenilenmez ise \u00f6\u011frenim deste\u011fi kesilir.<\/p>\n\n\n\n<p>(3) Vak\u0131f\u00e7a, \u00f6\u011frenim deste\u011fi \u00f6dendikten ve geri \u00f6demeleri bitene kadar \u00fcye, \u00fcyelikten herhangi bir sebeple ayr\u0131lamaz.<\/p>\n\n\n\n<p>(4) Vefat halinde varsa dul ve yetimlerinin \u00fcye olmas\u0131 halinde destek \u00f6deme ve taksitlerin geri \u00f6denmesi aynen devam eder. \u00dcyemizin vefat\u0131ndan sonra \u00f6\u011frenim g\u00f6ren \u00e7ocu\u011fu d\u0131\u015f\u0131nda \u00fcye olacak dul veya yetimi yoksa \u00f6\u011frencinin \u00f6\u011frenim s\u00fcresi i\u00e7in belirlenen s\u00fcre kadar Y\u00fcksek\u00f6\u011frenim deste\u011fi \u00f6denmesine devam edilir ve Y\u00f6netmelik h\u00fck\u00fcmleri uygulan\u0131r.<\/p>\n\n\n\n<p>(5) Bu Y\u00f6netmelikte belirlenen esaslara g\u00f6re Y\u00fcksek\u00f6\u011frenim Deste\u011fi almaya hak kazanan \u00fcye;<\/p>\n\n\n\n<p>(a) Ayl\u0131k \u00fcyelik aidat\u0131n\u0131 \u00f6demezse, bu aylara ili\u015fkin \u00f6\u011frenciye \u00f6denen y\u00fcksek \u00f6\u011frenim deste\u011fi \u00fcyenin aidat borcunun \u00f6denmesine kadar bekletilir ve aidat borcunun \u00f6denmesi halinde birikmi\u015f olan y\u00fcksek \u00f6\u011frenim destekleriyle birlikte \u00f6denmesine devam edilir.<\/p>\n\n\n\n<p>(b) \u00dcyeli\u011fi, Vak\u0131f Senedinde belirtilen sebeplerle sona ererse; \u00fcyeli\u011fin sona erme tarihinde, destek tahsis ve \u00f6deme i\u015flemleri de sonland\u0131r\u0131l\u0131r. Bu durumda destek bor\u00e7 taksitlerini zaman\u0131nda \u00f6demeyenlerin, \u00fcyeli\u011fi devam edenler her ay ayl\u0131k \u00e7al\u0131\u015fan \u00fcye aidat\u0131n\u0131n yar\u0131s\u0131 kadar gecikme zamm\u0131n\u0131 ayl\u0131k taksit miktar\u0131 ile birlikte \u00f6deyecektir. \u00dcyelikten ayr\u0131lan ve varsa dul veya yetimlerinden birinin yeniden \u00fcye olmayanlar\u0131n ise, her ay ayl\u0131k \u00e7al\u0131\u015fan \u00fcye aidat\u0131 tutar\u0131nda gecikme zamm\u0131n\u0131 ayl\u0131k taksit miktar\u0131 ile birlikte \u00f6deyecektir. Yap\u0131lan \u00f6demeler \u00f6ncelikle gecikme zamm\u0131na mahsup edilecektir.<\/p>\n\n\n\n<p>(c)&nbsp;\u0130kinci&nbsp;takside kadar (ikinci&nbsp;taksit d\u00e2hil)&nbsp;\u00f6denmedi\u011fi takdirde gecikme zamlar\u0131 anapara haline d\u00f6n\u00fc\u015f\u00fcr ve bu \u015fekilde \u00fc\u00e7\u00fcnc\u00fc ay\u0131n ba\u015f\u0131ndan itibaren vadesi gelmi\u015f ve gelecek t\u00fcm taksitler muacceliyet kazan\u0131r.<\/p>\n\n\n\n<p>(d) Muacceliyet kazanan anapara ve gecikme zamm\u0131 toplam\u0131 t\u00fcm bor\u00e7lar \u00fcyelii\u011fin sona erme tarihinden&nbsp;itibaren i\u015fleyecek kanuni faizi ile birlikte r\u0131zaen veya yasal yollardan tahsil olunur.<\/p>\n\n\n\n<p><strong>MADDE 8- TAAHH\u00dcT VE KEFALET SENED\u0130:<\/strong><\/p>\n\n\n\n<p>(1) Y\u00fcksek \u00f6\u011frenim deste\u011fi tahsisi yap\u0131lanlar\u0131n uyacaklar\u0131 \u015fartlar, bunlara yap\u0131lacak \u00f6deme \u015fekli ve s\u00fcresi, deste\u011fin geri \u00f6denmesine dair hususlar, PTT Vakf\u0131 Y\u00fcksek \u00d6\u011frenim Destek tahsisine ait Taahh\u00fct ve Kefalet Senedinde belirtilmi\u015ftir.<\/p>\n\n\n\n<p>(2) Taahh\u00fct ve Kefalet Senedi, bu Y\u00f6netmeli\u011fin eki niteli\u011findedir.<\/p>\n\n\n\n<p><strong>MADDE 9- Y\u00d6NETMEL\u0130K DE\u011e\u0130\u015e\u0130KL\u0130\u011e\u0130:<\/strong><\/p>\n\n\n\n<p>(1) Vakf\u0131n ekonomik g\u00fcc\u00fc artt\u0131k\u00e7a, destek taleplerinin tamam\u0131n\u0131n kar\u015f\u0131lanmas\u0131 amac\u0131yla veya ihtiya\u00e7 halinde&nbsp;bu Y\u00f6netmelikte gerekli g\u00f6r\u00fclecek de\u011fi\u015fiklik ve ilaveler Y\u00f6netim Kurulu taraf\u0131ndan yap\u0131l\u0131r.<\/p>\n\n\n\n<p><strong>MADDE10-Y\u00dcR\u00dcRL\u00dcK TAR\u0130H\u0130<\/strong><\/p>\n\n\n\n<p>(1) Bu Y\u00f6netmelik, 18.May\u0131s.1991 tarihinden itibaren y\u00fcr\u00fcrl\u00fc\u011fe girer.<\/p>\n\n\n\n<p><strong>Madde 11 \u2013 Y\u00dcR\u00dcTME<\/strong><\/p>\n\n\n\n<p>(1) \u0130\u015f bu Y\u00f6netmelik h\u00fck\u00fcmleri Vak\u0131f Y\u00f6netim Kurulu taraf\u0131ndan y\u00fcr\u00fct\u00fcl\u00fcr.<\/p>\n<\/div>","protected":false},"excerpt":{"rendered":"<p>MADDE 1-AMA\u00c7: (1) Vak\u0131f \u00fcyelerinin, yurt i\u00e7inde veya yurtd\u0131\u015f\u0131nda \u00f6n<a href=\"https:\/\/pttvakfi.org.tr\/index.php\/yonetmelikler\/yuksek-ogrenim-destegi\/\">Daha Fazla Oku<i class=\"fa fa-long-arrow-right\" aria-hidden=\"true\"><\/i><\/a><\/p>\n","protected":false},"author":3,"featured_media":0,"parent":140,"menu_order":2,"comment_status":"closed","ping_status":"closed","template":"","meta":[],"_links":{"self":[{"href":"https:\/\/pttvakfi.org.tr\/index.php\/wp-json\/wp\/v2\/pages\/114"}],"collection":[{"href":"https:\/\/pttvakfi.org.tr\/index.php\/wp-json\/wp\/v2\/pages"}],"about":[{"href":"https:\/\/pttvakfi.org.tr\/index.php\/wp-json\/wp\/v2\/types\/page"}],"author":[{"embeddable":true,"href":"https:\/\/pttvakfi.org.tr\/index.php\/wp-json\/wp\/v2\/users\/3"}],"replies":[{"embeddable":true,"href":"https:\/\/pttvakfi.org.tr\/index.php\/wp-json\/wp\/v2\/comments?post=114"}],"version-history":[{"count":2,"href":"https:\/\/pttvakfi.org.tr\/index.php\/wp-json\/wp\/v2\/pages\/114\/revisions"}],"predecessor-version":[{"id":924,"href":"https:\/\/pttvakfi.org.tr\/index.php\/wp-json\/wp\/v2\/pages\/114\/revisions\/924"}],"up":[{"embeddable":true,"href":"https:\/\/pttvakfi.org.tr\/index.php\/wp-json\/wp\/v2\/pages\/140"}],"wp:attachment":[{"href":"https:\/\/pttvakfi.org.tr\/index.php\/wp-json\/wp\/v2\/media?parent=114"}],"curies":[{"name":"wp","href":"https:\/\/api.w.org\/{rel}","templated":true}]}}