{"id":115,"date":"2023-04-06T14:26:10","date_gmt":"2023-04-06T11:26:10","guid":{"rendered":"http:\/\/10.135.32.32\/?page_id=112"},"modified":"2025-01-16T11:54:34","modified_gmt":"2025-01-16T08:54:34","slug":"evlilik-destegi","status":"publish","type":"page","link":"https:\/\/pttvakfi.org.tr\/index.php\/yonetmelikler\/evlilik-destegi\/","title":{"rendered":"Evlilik Deste\u011fi"},"content":{"rendered":"<div class=\"post-content\">\n<p><strong>Madde 1- AMA\u00c7<\/strong><\/p>\n\n\n\n<p>1) Vak\u0131f \u00fcyeleri veya \u00e7ocuklar\u0131na bu y\u00f6netmelik h\u00fck\u00fcmlerine uygun olarak kar\u015f\u0131l\u0131kl\u0131 evlilik deste\u011fi vermek suretiyle yard\u0131mda bulunmakt\u0131r.<\/p>\n\n\n\n<p><strong>Madde 2- KAPSAM<\/strong><\/p>\n\n\n\n<p>1) Evlilik deste\u011finden ba\u015fvuru tarihinde&nbsp;kesintisiz&nbsp;alt\u0131 ayl\u0131k \u00fcyelik s\u00fcresini tamamlam\u0131\u015f olan Vak\u0131f \u00fcyeleri yararlan\u0131r.<\/p>\n\n\n\n<p>2) \u00d6denecek destek miktar\u0131 ve geri \u00f6deme \u015fartlar\u0131 Y\u00f6netim Kurulunca belirlenir ve \u00fcyelerimize duyurulur.<\/p>\n\n\n\n<p><strong>Madde 3- EVL\u0130L\u0130K DESTE\u011e\u0130NDEN FAYDALANACAK OLANLAR<\/strong><\/p>\n\n\n\n<p>1) Evlilik deste\u011fi, PTT Vakf\u0131na nikah tarihi itibariyle \u00fcyeli\u011fi bulunan ve ba\u015fvuru tarihinde&nbsp;kesintisiz&nbsp;6 ayl\u0131k \u00fcye aidat\u0131 \u00f6deyen \u00fcyenin kendisinin veya \u00e7ocuklar\u0131n\u0131n evlenmesi halinde verilir.<\/p>\n\n\n\n<p>2)&nbsp;E\u015flerin ikisinin de \u00fcye olmas\u0131 halinde ayr\u0131 ayr\u0131 evlilik deste\u011finden faydalanabilirler.<\/p>\n\n\n\n<p>3)&nbsp;Bir takvim y\u0131l\u0131 i\u00e7erisinde \u00fcyenin talebi halinde, birden fazla evlilik deste\u011finden faydalanabilir.<\/p>\n\n\n\n<p>4)&nbsp;Vakfa, aidat d\u00e2hil kayna\u011f\u0131na bak\u0131lmaks\u0131z\u0131n herhangi bir \u015fekilde borcu olanlara, vadesi gelen bor\u00e7lar\u0131na mahsup edilmek suretiyle destek verilebilir.<\/p>\n\n\n\n<p>5)&nbsp;Evlenenlerin ve ebeveynlerinin Vak\u0131f \u00fcyesi olmas\u0131 durumunda ayn\u0131 evlilik i\u00e7in en \u00e7ok iki \u00fcyeye destek verilir.<\/p>\n\n\n\n<p>6)&nbsp;Bo\u015fan\u0131p tekrar birbirleriyle evlenenlere evlilik deste\u011fi verilmez.<\/p>\n\n\n\n<p><strong>Madde 4- EVL\u0130L\u0130K DESTE\u011e\u0130 VER\u0130LMES\u0130NE \u0130L\u0130\u015eK\u0130N ESASLAR<\/strong><\/p>\n\n\n\n<p>1)&nbsp;Evlilik deste\u011finden yararlanabilmek i\u00e7in evlilik tarihinden itibaren 6 ay i\u00e7inde Vakfa m\u00fcracaat edilmesi gerekir.<\/p>\n\n\n\n<p>2)&nbsp;Evlilik deste\u011fi i\u015flemlerinde nik\u00e2h tarihi esas al\u0131n\u0131r.<\/p>\n\n\n\n<p>3)&nbsp;Vak\u0131f taraf\u0131ndan kabul edilebilecek m\u00fccbir bir sebep olmaks\u0131z\u0131n nik\u00e2h tarihinden itibaren alt\u0131 ay i\u00e7erisinde m\u00fcracaat etmeyenlerin ba\u015fvurular\u0131 kabul edilmez.<\/p>\n\n\n\n<p><strong>Madde 5- EVL\u0130L\u0130K DESTE\u011e\u0130 \u0130\u00c7\u0130N GEREKL\u0130 BELGELER<\/strong><\/p>\n\n\n\n<p>1)&nbsp;\u00dcyeler, Evlilik deste\u011fi i\u00e7in a\u015fa\u011f\u0131daki belgelerle Vakfa m\u00fcracaat ederler:<\/p>\n\n\n\n<p>a. Evlilik deste\u011fi talebini ve tebligat yap\u0131lacak \u00fcyenin a\u00e7\u0131k adresini belirtir istek formu,<\/p>\n\n\n\n<p>b. Kefillerin a\u00e7\u0131k adresini belirten Taahh\u00fct ve Kefalet Senedi formu,<\/p>\n\n\n\n<p>c. M\u00fcd\u00fcrl\u00fck, muhtarl\u0131k veya noter taraf\u0131ndan onayl\u0131 Evlilik c\u00fczdan\u0131 sureti,<\/p>\n\n\n\n<p>d. \u00dcye ve Kefillerin n\u00fcfus c\u00fczdan\u0131 sureti,<\/p>\n\n\n\n<p>e. \u00c7al\u0131\u015fan \u00fcye ve kefillerin \u00fccret bordrosu asl\u0131 veya onayl\u0131 sureti,<\/p>\n\n\n\n<p>f. Kefillerin maa\u015flar\u0131nda herhangi bir haciz olmad\u0131\u011f\u0131na dair kurum onayl\u0131 yaz\u0131,<\/p>\n\n\n\n<p>2)&nbsp;Bu Y\u00f6netmeli\u011fin ekinde yer alan, Bor\u00e7lu ile M\u00fc\u015fterek bor\u00e7lu ve m\u00fcteselsil kefillerce imzalanan,&nbsp;Kefalet Senedi, Bor\u00e7lu ve Kefillerin imza ve kimlikleri, Yetkili \u00dcnite M\u00fcd\u00fcr\u00fcne tasdik ettirilerek veya asl\u0131na uygunlu\u011fu tasdik edilmi\u015f genel vek\u00e2letnameye dayanarak \u00fcye ve kefillerin avukat\u0131 taraf\u0131ndan veya imzalar\u0131n Noterden onaylat\u0131lmas\u0131 veya imzalar\u0131n PTT Vakf\u0131 Y\u00f6netim Kurulu as\u0131l veya yedek \u00fcyeleri, M\u00fcd\u00fcr\u00fc ve\/veya m\u00fcd\u00fcr yard\u0131mc\u0131s\u0131 huzurunda at\u0131lmas\u0131 suretiyle tanzim ve tasdik edilerek Vakfa verilmesi\/g\u00f6nderilmesi gerekmektedir.<\/p>\n\n\n\n<p><strong>Madde 6- EVL\u0130L\u0130K DESTE\u011e\u0130 \u00d6DEMES\u0130<\/strong><\/p>\n\n\n\n<p>1)<strong>&nbsp;<\/strong>Evlilik deste\u011fi kulland\u0131r\u0131lmas\u0131ndan ve evlilik deste\u011fi verilmesi nedeniyle yap\u0131lan k\u00e2\u011f\u0131tlardan do\u011facak her t\u00fcrl\u00fc vergi, resim ve har\u00e7lar mahsup edildikten sonra kalan net tutar \u00fcyenin bildirdi\u011fi Posta \u00c7eki hesab\u0131na \u00f6denir.<\/p>\n\n\n\n<p><strong>Madde 7- DESTEK M\u0130KTARI<\/strong><\/p>\n\n\n\n<p>1) Evlilik deste\u011fi i\u00e7in \u00f6denecek destek miktarlar\u0131 \u00fcyelik k\u0131demi dikkate al\u0131narak \u00f6denir. \u00d6denecek destek miktarlar\u0131 ile k\u0131dem aral\u0131klar\u0131n\u0131 de\u011fi\u015ftirmeye Y\u00f6netim Kurulu yetkilidir.<\/p>\n\n\n\n<figure class=\"wp-block-table alignwide\"><table><tbody><tr><td class=\"has-text-align-center\" data-align=\"center\" colspan=\"2\">K\u0131dem Aral\u0131\u011f\u0131<\/td><td class=\"has-text-align-center\" data-align=\"center\">\u00a0\u00d6denecek Miktar \/ TL<\/td><\/tr><tr><td class=\"has-text-align-center\" data-align=\"center\">a)<\/td><td class=\"has-text-align-center\" data-align=\"center\">6 aydan fazla 2 y\u0131ldan az<\/td><td class=\"has-text-align-center\" data-align=\"center\">8.000 <\/td><\/tr><tr><td class=\"has-text-align-center\" data-align=\"center\">b)<\/td><td class=\"has-text-align-center\" data-align=\"center\">2 y\u0131ldan fazla 5 y\u0131ldan az<\/td><td class=\"has-text-align-center\" data-align=\"center\">10.000<\/td><\/tr><tr><td class=\"has-text-align-center\" data-align=\"center\">c)<\/td><td class=\"has-text-align-center\" data-align=\"center\">5 y\u0131ldan fazla 8 y\u0131ldan az<\/td><td class=\"has-text-align-center\" data-align=\"center\">12.000<\/td><\/tr><tr><td class=\"has-text-align-center\" data-align=\"center\">d)<\/td><td class=\"has-text-align-center\" data-align=\"center\">8 y\u0131ldan fazla 12 y\u0131ldan az<\/td><td class=\"has-text-align-center\" data-align=\"center\">14.000<\/td><\/tr><tr><td class=\"has-text-align-center\" data-align=\"center\">e)<\/td><td class=\"has-text-align-center\" data-align=\"center\">12 y\u0131ldan fazla 16 y\u0131ldan az<\/td><td class=\"has-text-align-center\" data-align=\"center\">16.000<\/td><\/tr><tr><td class=\"has-text-align-center\" data-align=\"center\">f)<\/td><td class=\"has-text-align-center\" data-align=\"center\">16 y\u0131ldan fazla 20 y\u0131ldan az<\/td><td class=\"has-text-align-center\" data-align=\"center\">18.000<\/td><\/tr><tr><td class=\"has-text-align-center\" data-align=\"center\">g)<\/td><td class=\"has-text-align-center\" data-align=\"center\">20 y\u0131ldan fazla 24 y\u0131ldan az<\/td><td class=\"has-text-align-center\" data-align=\"center\">20.000<\/td><\/tr><tr><td class=\"has-text-align-center\" data-align=\"center\">h)<\/td><td class=\"has-text-align-center\" data-align=\"center\">24 y\u0131ldan fazla 30 y\u0131ldan az<\/td><td class=\"has-text-align-center\" data-align=\"center\">22.000<\/td><\/tr><tr><td class=\"has-text-align-center\" data-align=\"center\">i)<\/td><td class=\"has-text-align-center\" data-align=\"center\">30 y\u0131l ve \u00fczeri<\/td><td class=\"has-text-align-center\" data-align=\"center\">24.000<\/td><\/tr><\/tbody><\/table><\/figure>\n\n\n\n<p><strong>Madde 8- EVL\u0130L\u0130K DESTE\u011e\u0130N\u0130N TAHS\u0130L\u0130<\/strong><\/p>\n\n\n\n<p class=\"has-black-color has-text-color\">1)\u00a0Evlilik deste\u011fi uygulamas\u0131, geri \u00f6demeli olarak yap\u0131l\u0131r.<\/p>\n\n\n\n<p>2)\u00a0Al\u0131nan destek miktar\u0131, al\u0131nd\u0131\u011f\u0131 tarihten\u00a0<strong>iki ay\u00a0<\/strong>sonra ba\u015flamak \u00fczere e\u015fit taksitler halinde ve ekte\u00a0yer alan Taahh\u00fct ve Kefalet Senedine g\u00f6re, \u00fcyelerden <strong>6<\/strong> ayda Vak\u0131f\u00e7a geri tahsil edilir.<\/p>\n\n\n\n<p>3)&nbsp;Bu y\u00f6netmelikte belirlenen esaslara g\u00f6re Evlilik deste\u011fi almaya hak kazanan \u00fcye;<\/p>\n\n\n\n<p>a. Vak\u0131f\u00e7a, Evlilik deste\u011fi \u00f6dendikten sonra vefat hali hari\u00e7 \u00fcyelikten herhangi bir sebeple ayr\u0131lamaz. Vefat halinde varsa dul ve yetimlerin \u00fcye olmas\u0131 halinde destek taksitleri aynen devam eder.<\/p>\n\n\n\n<p>b. Bor\u00e7 taksitlerini zaman\u0131nda \u00f6demeyenlerin, \u00fcyeli\u011fi devam edenler her ay ayl\u0131k \u00e7al\u0131\u015fan \u00fcye aidat\u0131n\u0131n yar\u0131s\u0131 kadar gecikme zamm\u0131n\u0131 ayl\u0131k taksit miktar\u0131 ile birlikte \u00f6deyecektir. \u00dcyelikten ayr\u0131lan ve vefat edenlerin dul ve yetimlerinden birinin \u00fcye olmas\u0131 hali dahil yeniden \u00fcye olmayanlar\u0131n ise, her ay ayl\u0131k \u00e7al\u0131\u015fan \u00fcye aidat\u0131 tutar\u0131nda gecikme zamm\u0131n\u0131 ayl\u0131k taksit miktar\u0131 ile birlikte \u00f6deyecektir. Yap\u0131lan \u00f6demeler \u00f6ncelikle gecikme zamm\u0131na mahsup edilecektir.<\/p>\n\n\n\n<p>c.\u00a0\u0130kinci takside kadar (ikinci taksit d\u00e2hil)\u00a0\u00f6denmedi\u011fi takdirde gecikme zamlar\u0131\u00a0anapara haline d\u00f6n\u00fc\u015f\u00fcr ve bu \u015fekilde\u00a0\u00fc\u00e7\u00fcnc\u00fc ay\u0131n ba\u015f\u0131ndan itibaren vadesi gelmi\u015f ve gelecek t\u00fcm taksitler muacceliyet kazan\u0131r. Muacceliyet kazanan anapara\u00a0ve gecikme zamm\u0131 toplam\u0131 t\u00fcm bor\u00e7lar bu tarihten itibaren kanuni faizi ile birlikte r\u0131zaen veya yasal yollardan tahsil olunur.<\/p>\n\n\n\n<p>4) \u00dcyeli\u011fi sona erenler, yeniden m\u00fcracaat ederek \u00fcye olmalar\u0131 ve ayl\u0131k \u00fcyelik aidatlar\u0131n\u0131 d\u00fczenli olarak \u00f6demeleri halinde&nbsp;muaccelliyet kespeden destek bor\u00e7lar\u0131 tekrar Y\u00f6netim taraf\u0131ndan belirlenecek \u015fekilde taksitle tahsil edilebilir. Bu durumda muaccelliyet kespeden Vak\u0131f alaca\u011f\u0131na, \u00fcyeli\u011fin sonra erme tarihi ile \u00f6deme tarihi aras\u0131nda ge\u00e7en&nbsp;s\u00fcre i\u00e7in yasal faiz oran\u0131na g\u00f6re hesaplanacak tutarda gecikme cezas\u0131 ve yasal takibe ba\u015flanm\u0131\u015f ise takip masraflar\u0131 da ilave edilerek hesaplanacak bakiye toplam destek borcu, Vak\u0131f\u00e7a yeniden belirlenecek say\u0131da e\u015fit taksitlerle geri al\u0131nmas\u0131 suretiyle&nbsp;tahsil edilir.<\/p>\n\n\n\n<p>5)&nbsp;\u00dcye, bu madde h\u00fck\u00fcmleri uyar\u0131nca taksit bor\u00e7lar\u0131n\u0131n tamam\u0131n\u0131 \u00f6demeden \u00fcyeli\u011finin herhangi bir sebeple (\u00fcyenin \u00f6l\u00fcm\u00fc hari\u00e7) sona ermesi halinde yasal faiz veya gecikme cezas\u0131 al\u0131nmayan s\u00fcreler i\u00e7in ayr\u0131ca yasal faiz ve cezai \u015fart olarak da gecikme cezas\u0131 ayr\u0131 ayr\u0131 hesaplanarak tahakkuk ve tahsil edilir.<\/p>\n\n\n\n<p><strong>Madde 9- TAAHH\u00dcT VE KEFALET SENED\u0130<\/strong><\/p>\n\n\n\n<p>1) Evlilik deste\u011fi tahsisi yap\u0131lanlar\u0131n uyacaklar\u0131 \u015fartlar, bunlara yap\u0131lacak \u00f6deme \u015fekli ve s\u00fcresi, deste\u011fin geri \u00f6denmesine dair hususlar, PTT Vakf\u0131 Evlilik Destek tahsisine ait Taahh\u00fct ve Kefalet Senedinde belirtilmi\u015ftir.<\/p>\n\n\n\n<p>2) Taahh\u00fct ve Kefalet Senedi, bu&nbsp;Y\u00f6netmeli\u011fin eki niteli\u011findedir.<strong>&nbsp;<\/strong><\/p>\n\n\n\n<p><strong>Madde&nbsp;10- Y\u00d6NETMEL\u0130K DE\u011e\u0130\u015e\u0130KL\u0130\u011e\u0130<\/strong><\/p>\n\n\n\n<p>1)&nbsp;Vakf\u0131n ekonomik g\u00fcc\u00fc artt\u0131k\u00e7a evlilik deste\u011finin maksimum seviyeye \u00e7\u0131kart\u0131lmas\u0131 amac\u0131yla bu y\u00f6netmelikte gerekli g\u00f6r\u00fclecek de\u011fi\u015fiklik ve ilaveler Y\u00f6netim Kurulu taraf\u0131ndan yap\u0131l\u0131r.<\/p>\n\n\n\n<p><strong>Madde 11- Y\u00dcR\u00dcRL\u00dcL\u00dcK<\/strong><\/p>\n\n\n\n<p>1)&nbsp;Evlilik deste\u011fi uygulamas\u0131 01.04.2006 tarihinden itibaren y\u00fcr\u00fcrl\u00fc\u011fe girmi\u015ftir.<\/p>\n\n\n\n<p><strong>Madde 12- Y\u00dcR\u00dcTME<\/strong><\/p>\n\n\n\n<p>1)&nbsp;\u0130\u015f bu Y\u00f6netmelik h\u00fck\u00fcmleri Vak\u0131f Y\u00f6netim Kurulu taraf\u0131ndan y\u00fcr\u00fct\u00fcl\u00fcr.<\/p>\n<\/div>","protected":false},"excerpt":{"rendered":"<p>Madde 1- AMA\u00c7 1) Vak\u0131f \u00fcyeleri veya \u00e7ocuklar\u0131na bu y\u00f6netmelik<a href=\"https:\/\/pttvakfi.org.tr\/index.php\/yonetmelikler\/evlilik-destegi\/\">Daha Fazla Oku<i class=\"fa fa-long-arrow-right\" aria-hidden=\"true\"><\/i><\/a><\/p>\n","protected":false},"author":3,"featured_media":0,"parent":140,"menu_order":3,"comment_status":"closed","ping_status":"closed","template":"","meta":[],"_links":{"self":[{"href":"https:\/\/pttvakfi.org.tr\/index.php\/wp-json\/wp\/v2\/pages\/115"}],"collection":[{"href":"https:\/\/pttvakfi.org.tr\/index.php\/wp-json\/wp\/v2\/pages"}],"about":[{"href":"https:\/\/pttvakfi.org.tr\/index.php\/wp-json\/wp\/v2\/types\/page"}],"author":[{"embeddable":true,"href":"https:\/\/pttvakfi.org.tr\/index.php\/wp-json\/wp\/v2\/users\/3"}],"replies":[{"embeddable":true,"href":"https:\/\/pttvakfi.org.tr\/index.php\/wp-json\/wp\/v2\/comments?post=115"}],"version-history":[{"count":8,"href":"https:\/\/pttvakfi.org.tr\/index.php\/wp-json\/wp\/v2\/pages\/115\/revisions"}],"predecessor-version":[{"id":1076,"href":"https:\/\/pttvakfi.org.tr\/index.php\/wp-json\/wp\/v2\/pages\/115\/revisions\/1076"}],"up":[{"embeddable":true,"href":"https:\/\/pttvakfi.org.tr\/index.php\/wp-json\/wp\/v2\/pages\/140"}],"wp:attachment":[{"href":"https:\/\/pttvakfi.org.tr\/index.php\/wp-json\/wp\/v2\/media?parent=115"}],"curies":[{"name":"wp","href":"https:\/\/api.w.org\/{rel}","templated":true}]}}