{"id":486,"date":"2023-07-24T09:15:35","date_gmt":"2023-07-24T06:15:35","guid":{"rendered":"https:\/\/pttvakfi.org.tr\/?page_id=486"},"modified":"2024-07-17T16:02:07","modified_gmt":"2024-07-17T13:02:07","slug":"anasayfa","status":"publish","type":"page","link":"https:\/\/pttvakfi.org.tr\/index.php\/__trashed\/anasayfa\/","title":{"rendered":"Yard\u0131mlar\u0131m\u0131z"},"content":{"rendered":"<div class=\"post-content\">\n<figure class=\"wp-block-gallery has-nested-images columns-1 is-cropped wp-block-gallery-1 is-layout-flex\">\n<figure class=\"wp-block-image size-large\"><a href=\"http:\/\/pttvakfi.org.tr\/wp-content\/uploads\/2023\/06\/sosyal_yardim_formu.pdf\" target=\"_blank\" rel=\"noreferrer noopener\"><img decoding=\"async\" loading=\"lazy\" width=\"1002\" height=\"400\" data-id=\"456\"  src=\"http:\/\/pttvakfi.org.tr\/wp-content\/uploads\/2023\/07\/2-Dogum-Yardimi.jpeg\" alt=\"\" class=\"wp-image-456\" title=\"Do\u011fum Yard\u0131m\u0131, olay tarihinde kesintisiz bir y\u0131ll\u0131k \u00fcyelik s\u00fcresini tamamlayan \u00fcyenin kendisinin veya e\u015finin do\u011fum yapmas\u0131 halinde \u00fcyenin kendisine \u00f6denir.\" srcset=\"http:\/\/pttvakfi.org.tr\/wp-content\/uploads\/2023\/07\/2-Dogum-Yardimi.jpeg 1002w, http:\/\/pttvakfi.org.tr\/wp-content\/uploads\/2023\/07\/2-Dogum-Yardimi-300x120.jpeg 300w, http:\/\/pttvakfi.org.tr\/wp-content\/uploads\/2023\/07\/2-Dogum-Yardimi-768x307.jpeg 768w\" sizes=\"(max-width: 1002px) 100vw, 1002px\" \/><\/a><\/figure>\n\n\n\n<figure class=\"wp-block-image size-large\"><a href=\"http:\/\/pttvakfi.org.tr\/wp-content\/uploads\/2023\/06\/Emeklilik_Yardimi_Formu.pdf\" target=\"_blank\" rel=\"noreferrer noopener\"><img decoding=\"async\" loading=\"lazy\" width=\"1002\" height=\"400\" data-id=\"458\"  src=\"http:\/\/pttvakfi.org.tr\/wp-content\/uploads\/2023\/07\/4-Emeklilik-Yardimi.jpeg\" alt=\"\" class=\"wp-image-458\" title=\"Emeklilik Yard\u0131m\u0131ndan, ba\u015fvuru tarihinde kesintisiz en az 5 y\u0131l ve \u00fczerinde \u00fcyelik aidat\u0131 \u00f6deyen ve her ne \u015fekilde olursa olsun emekli olan ve emekli yard\u0131m\u0131 ba\u015fvurusunu yapt\u0131\u011f\u0131 tarihte de \u00fcyeli\u011fi devam edenler yararlan\u0131r.\" srcset=\"http:\/\/pttvakfi.org.tr\/wp-content\/uploads\/2023\/07\/4-Emeklilik-Yardimi.jpeg 1002w, http:\/\/pttvakfi.org.tr\/wp-content\/uploads\/2023\/07\/4-Emeklilik-Yardimi-300x120.jpeg 300w, http:\/\/pttvakfi.org.tr\/wp-content\/uploads\/2023\/07\/4-Emeklilik-Yardimi-768x307.jpeg 768w\" sizes=\"(max-width: 1002px) 100vw, 1002px\" \/><\/a><figcaption class=\"wp-element-caption\"><kbd>Emeklilik Yard\u0131m\u0131<\/kbd><\/figcaption><\/figure>\n\n\n\n<figure class=\"wp-block-image size-large\"><a href=\"http:\/\/pttvakfi.org.tr\/wp-content\/uploads\/2023\/06\/Vefat_Yardimi_Formu.pdf\" target=\"_blank\" rel=\"noreferrer noopener\"><img decoding=\"async\" loading=\"lazy\" width=\"1002\" height=\"400\" data-id=\"459\"  src=\"http:\/\/pttvakfi.org.tr\/wp-content\/uploads\/2023\/07\/5-Vefat-Yardimi.jpeg\" alt=\"\" class=\"wp-image-459\" title=\"\u00d6l\u00fcm yard\u0131m\u0131, olay tarihinde \u00fcyeli\u011fi bulunan \u00fcyenin \u00f6l\u00fcm\u00fc halinde, varislerine \u00f6deme yap\u0131l\u0131r.\" srcset=\"http:\/\/pttvakfi.org.tr\/wp-content\/uploads\/2023\/07\/5-Vefat-Yardimi.jpeg 1002w, http:\/\/pttvakfi.org.tr\/wp-content\/uploads\/2023\/07\/5-Vefat-Yardimi-300x120.jpeg 300w, http:\/\/pttvakfi.org.tr\/wp-content\/uploads\/2023\/07\/5-Vefat-Yardimi-768x307.jpeg 768w\" sizes=\"(max-width: 1002px) 100vw, 1002px\" \/><\/a><figcaption class=\"wp-element-caption\">\u00d6l\u00fcm Yard\u0131m\u0131<\/figcaption><\/figure>\n\n\n\n<figure class=\"wp-block-image size-large\"><a href=\"http:\/\/pttvakfi.org.tr\/wp-content\/uploads\/2023\/06\/sosyal_yardim_formu.pdf\" target=\"_blank\" rel=\"noreferrer noopener\"><img decoding=\"async\" loading=\"lazy\" width=\"1002\" height=\"400\" data-id=\"460\"  src=\"http:\/\/pttvakfi.org.tr\/wp-content\/uploads\/2023\/07\/6-Afet-Yardimi.jpeg\" alt=\"\" class=\"wp-image-460\" title=\" Tabii Afet Yard\u0131m\u0131nda; yang\u0131n, sel, deprem, \u00e7\u0131\u011f, heyel\u00e2n ve benzeri afetlerden s\u00fcrekli veya belirli aral\u0131klarla ikamet etti\u011fi ev ve ev e\u015fyalar\u0131 ile \u00fcyenin kendisi veya e\u015fine ait ara\u00e7lara verilen zararlardan Y\u00f6netim Kurulu taraf\u0131ndan belirlenen tutardaki maddi zararlar\u0131, olay tarihinde kesintisiz bir y\u0131ll\u0131k \u00fcyelik s\u00fcresini tamamlayan \u00fcyeler yararlan\u0131r.\" srcset=\"http:\/\/pttvakfi.org.tr\/wp-content\/uploads\/2023\/07\/6-Afet-Yardimi.jpeg 1002w, http:\/\/pttvakfi.org.tr\/wp-content\/uploads\/2023\/07\/6-Afet-Yardimi-300x120.jpeg 300w, http:\/\/pttvakfi.org.tr\/wp-content\/uploads\/2023\/07\/6-Afet-Yardimi-768x307.jpeg 768w\" sizes=\"(max-width: 1002px) 100vw, 1002px\" \/><\/a><figcaption class=\"wp-element-caption\">Tabi Afet Yard\u0131m\u0131<\/figcaption><\/figure>\n\n\n\n<figure class=\"wp-block-image size-large\"><img decoding=\"async\" loading=\"lazy\" width=\"1002\" height=\"400\" data-id=\"461\"  src=\"http:\/\/pttvakfi.org.tr\/wp-content\/uploads\/2023\/07\/7-Yuksek-Ogrenim-Destegi.jpeg\" alt=\"\" class=\"wp-image-461\" title=\" Vak\u0131f \u00fcyelerinin, yurt i\u00e7inde veya yurtd\u0131\u015f\u0131nda \u00f6n lisans ve lisans d\u00fczeylerinde y\u00fcksek \u00f6\u011fretim kurumlar\u0131na devam eden \u00e7ocuklar\u0131na, bu y\u00f6netmelik h\u00fck\u00fcmlerine uygun olarak \u00f6\u011frenim deste\u011fi verilmek suretiyle kar\u015f\u0131l\u0131kl\u0131 yard\u0131mda bulunmas\u0131d\u0131r.  Y\u00fcksek\u00f6\u011frenim deste\u011finden, ba\u015fvuru tarihinde bir y\u0131ll\u0131k \u00fcyelik s\u00fcresini tamamlam\u0131\u015f olan Vak\u0131f \u00fcyeleri yararlan\u0131r.\" srcset=\"http:\/\/pttvakfi.org.tr\/wp-content\/uploads\/2023\/07\/7-Yuksek-Ogrenim-Destegi.jpeg 1002w, http:\/\/pttvakfi.org.tr\/wp-content\/uploads\/2023\/07\/7-Yuksek-Ogrenim-Destegi-300x120.jpeg 300w, http:\/\/pttvakfi.org.tr\/wp-content\/uploads\/2023\/07\/7-Yuksek-Ogrenim-Destegi-768x307.jpeg 768w\" sizes=\"(max-width: 1002px) 100vw, 1002px\" \/><figcaption class=\"wp-element-caption\">Y\u00fcksek \u00d6\u011frenim Deste\u011fi<\/figcaption><\/figure>\n\n\n\n<figure class=\"wp-block-image size-large\"><a href=\"http:\/\/pttvakfi.org.tr\/wp-content\/uploads\/2023\/06\/Evlilik_Destegi_Talep_Formu.pdf\" target=\"_blank\" rel=\"noreferrer noopener\"><img decoding=\"async\" data-id=\"462\"  src=\"http:\/\/pttvakfi.org.tr\/wp-content\/uploads\/2023\/07\/8-Evlilik-Destegi.jpeg\" alt=\"Vak\u0131f \u00fcyeleri veya \u00e7ocuklar\u0131na bu y\u00f6netmelik h\u00fck\u00fcmlerine uygun olarak kar\u015f\u0131l\u0131kl\u0131 evlilik deste\u011fi vermek suretiyle yard\u0131mda bulunmakt\u0131r.\" class=\"wp-image-462\" title=\" Vak\u0131f \u00fcyeleri veya \u00e7ocuklar\u0131na bu y\u00f6netmelik h\u00fck\u00fcmlerine uygun olarak kar\u015f\u0131l\u0131kl\u0131 evlilik deste\u011fi vermek suretiyle yard\u0131mda bulunmakt\u0131r.  Evlilik deste\u011finden ba\u015fvuru tarihinde kesintisiz alt\u0131 ayl\u0131k \u00fcyelik s\u00fcresini tamamlam\u0131\u015f olan Vak\u0131f \u00fcyeleri yararlan\u0131r.\"\/><\/a><\/figure>\n<\/figure>\n<\/div>","protected":false},"excerpt":{"rendered":"","protected":false},"author":3,"featured_media":0,"parent":471,"menu_order":0,"comment_status":"closed","ping_status":"closed","template":"page-templates\/full-width.php","meta":[],"_links":{"self":[{"href":"https:\/\/pttvakfi.org.tr\/index.php\/wp-json\/wp\/v2\/pages\/486"}],"collection":[{"href":"https:\/\/pttvakfi.org.tr\/index.php\/wp-json\/wp\/v2\/pages"}],"about":[{"href":"https:\/\/pttvakfi.org.tr\/index.php\/wp-json\/wp\/v2\/types\/page"}],"author":[{"embeddable":true,"href":"https:\/\/pttvakfi.org.tr\/index.php\/wp-json\/wp\/v2\/users\/3"}],"replies":[{"embeddable":true,"href":"https:\/\/pttvakfi.org.tr\/index.php\/wp-json\/wp\/v2\/comments?post=486"}],"version-history":[{"count":47,"href":"https:\/\/pttvakfi.org.tr\/index.php\/wp-json\/wp\/v2\/pages\/486\/revisions"}],"predecessor-version":[{"id":773,"href":"https:\/\/pttvakfi.org.tr\/index.php\/wp-json\/wp\/v2\/pages\/486\/revisions\/773"}],"up":[{"embeddable":true,"href":"https:\/\/pttvakfi.org.tr\/index.php\/wp-json\/wp\/v2\/pages\/471"}],"wp:attachment":[{"href":"https:\/\/pttvakfi.org.tr\/index.php\/wp-json\/wp\/v2\/media?parent=486"}],"curies":[{"name":"wp","href":"https:\/\/api.w.org\/{rel}","templated":true}]}}