{"id":80,"date":"2023-04-06T14:11:56","date_gmt":"2023-04-06T11:11:56","guid":{"rendered":"http:\/\/10.135.32.32\/?page_id=80"},"modified":"2026-03-05T10:51:47","modified_gmt":"2026-03-05T07:51:47","slug":"kvk-kanunu","status":"publish","type":"page","link":"https:\/\/pttvakfi.org.tr\/index.php\/kurumsal\/kvk-kanunu\/","title":{"rendered":"KVK Kanunu"},"content":{"rendered":"<div class=\"post-content\">\n<p><strong>K\u0130\u015e\u0130SEL VER\u0130LER\u0130N KORUNMASI KANUNU HAKKINDA B\u0130LG\u0130LEND\u0130RME<\/strong><\/p>\n\n\n\n<p>PTT ve T\u00fcrk Telekom Vakf\u0131, ki\u015fisel verilerinizin hukuka uygun olarak toplanmas\u0131, saklanmas\u0131 ve payla\u015f\u0131lmas\u0131n\u0131 sa\u011flamak ve gizlili\u011finizi korumak amac\u0131yla m\u00fcmk\u00fcn olan en \u00fcst seviyede g\u00fcvenlik tedbirlerini almaktad\u0131r.<\/p>\n\n\n\n<p>Amac\u0131m\u0131z; 6698 say\u0131l\u0131 \u201cKi\u015fisel Verilerin Korunmas\u0131 Kanunu\u2019nun 10. maddesi gere\u011fince ve sizlerin memnuniyeti do\u011frultusunda, ki\u015fisel verilerinizin al\u0131nma \u015fekilleri, i\u015flenme ama\u00e7lar\u0131, payla\u015f\u0131lan ki\u015filer, hukuki nedenleri ve haklar\u0131n\u0131z konular\u0131nda sizi en \u015feffaf \u015fekilde bilgilendirmektir.<\/p>\n\n\n\n<p><strong>1- Veri Sorumlusu<\/strong><\/p>\n\n\n\n<p>6698 say\u0131l\u0131 Ki\u015fisel Verilerin Korunmas\u0131 Kanunu (\u201c6698 say\u0131l\u0131 Kanun\u201d) uyar\u0131nca, ki\u015fisel verileriniz; veri sorumlusu olarak PTT ve T\u00fcrk Telekom Vakf\u0131 (Vak\u0131f) taraf\u0131ndan a\u015fa\u011f\u0131da a\u00e7\u0131klanan kapsamda toplanacak ve i\u015flenebilecektir.<\/p>\n\n\n\n<p><strong>2- Ki\u015fisel Verilerinizin Toplanma \u015eekli<\/strong><\/p>\n\n\n\n<p>Ki\u015fisel verileriniz,<\/p>\n\n\n\n<p>Vak\u0131f taraf\u0131ndan yap\u0131lan faaliyetlerimiz \u00e7er\u00e7evesinde talep etmi\u015f oldu\u011fumuz bilgiler arac\u0131l\u0131\u011f\u0131yla,<\/p>\n\n\n\n<p>Vak\u0131f internet sitesindeki formlar veya ad, soyad, i\u015f veya \u00f6zel e-posta adresi gibi bilgiler girilerek veya kullan\u0131c\u0131 ad\u0131 ve \u015fifresi kullan\u0131larak giri\u015f yap\u0131lan sayfalar arac\u0131l\u0131\u011f\u0131yla bilgi almak amac\u0131yla \u00e7al\u0131\u015fanlar\u0131m\u0131za s\u00f6zl\u00fc, yaz\u0131l\u0131, elektronik olarak veya ka\u011f\u0131t \u00fczerindeki formlar arac\u0131l\u0131\u011f\u0131yla verdi\u011finiz bilgiler arac\u0131l\u0131\u011f\u0131yla,<\/p>\n\n\n\n<p>Vak\u0131f ile ticari ili\u015fki kurmak, i\u015f ba\u015fvurusu, \u00fcyelik m\u00fcracaat\u0131, kredi ve yard\u0131m talebi gibi ama\u00e7larla fiziki veya sanal bir ortamda, y\u00fcz y\u00fcze ya da mesafeli, s\u00f6zl\u00fc veya yaz\u0131l\u0131 ya da elektronik olarak verilen bilgiler arac\u0131l\u0131\u011f\u0131yla,<\/p>\n\n\n\n<p>Ayr\u0131ca farkl\u0131 kanallardan dolayl\u0131 yoldan elde edilen, web sitesi, blog, anket, bilgilendirme yaz\u0131lar\u0131 ve benzeri ama\u00e7l\u0131 kullan\u0131lan web sitelerinden ve sosyal medyadan elde edilen veriler, kamuya a\u00e7\u0131k veri tabanlar\u0131n\u0131n sundu\u011fu veriler, sosyal medya platformlar\u0131ndan payla\u015f\u0131ma a\u00e7\u0131k profil ve verilerden, toplanabilmekte ve i\u015flenebilmektedir.<\/p>\n\n\n\n<p>KVKK\u2019 n\u0131n y\u00fcr\u00fcrl\u00fck tarihi olan 7 Nisan 2016 tarihinden \u00f6nce, yukar\u0131da a\u00e7\u0131klanm\u0131\u015f yollarla veya di\u011fer \u015fekillerde hukuka uygun olarak elde edilmi\u015f olan ki\u015fisel verileriniz de bu belgede d\u00fczenlenen \u015fart ve ko\u015fullara uygun olarak i\u015flenmekte ve muhafaza edilmektedir.<\/p>\n\n\n\n<p><strong>3-&nbsp; Ki\u015fisel Verilerinizin Ne \u015eekilde \u0130\u015flenebilece\u011fi ve \u0130\u015fleme Ama\u00e7lar\u0131<\/strong><\/p>\n\n\n\n<p>6698 say\u0131l\u0131 KVKK uyar\u0131nca, Vak\u0131f ile payla\u015ft\u0131\u011f\u0131n\u0131z ki\u015fisel verileriniz, tamamen veya k\u0131smen, otomatik olarak veyahut herhangi bir veri kay\u0131t sisteminin par\u00e7as\u0131 olmak kayd\u0131yla otomatik olmayan yollarla elde edilerek, kaydedilerek, depolanarak, de\u011fi\u015ftirilerek, yeniden d\u00fczenlenerek, k\u0131sacas\u0131 veriler \u00fczerinde ger\u00e7ekle\u015ftirilen her t\u00fcrl\u00fc i\u015fleme konu olarak taraf\u0131m\u0131zdan i\u015flenebilecektir. KVKK kapsam\u0131nda veriler \u00fczerinde ger\u00e7ekle\u015ftirilen her t\u00fcrl\u00fc i\u015flem &#8220;ki\u015fisel verilerin i\u015flenmesi\u201d olarak kabul edilmektedir.<br>Ki\u015fisel verilerinizin hukuka ayk\u0131r\u0131 olarak i\u015flenmesinin ve verilerinize hukuka ayk\u0131r\u0131 olarak eri\u015filmesinin \u00f6nlenmesi ve ki\u015fisel verilerinizin g\u00fcvenli bir \u015fekilde muhafaza edilmesi amac\u0131yla gerekli her t\u00fcrl\u00fc teknik ve idari tedbir al\u0131nmaktad\u0131r.<br>Ki\u015fisel verileriniz, &nbsp;VAKIF hizmetlerini kullanmak ve takip etmek niyetiyle internet sayfam\u0131z\u0131 kulland\u0131\u011f\u0131n\u0131zda, ki\u015fisel verilerinizin i\u015flenmesine y\u00f6nelik r\u0131zan\u0131z ya da Kanun\u2019un 5. ve 6. maddeleri ile sair mevzuatta belirtilen hukuki sebeplere dayanarak toplanabilir, i\u015flenebilir ve aktar\u0131labilir. Ki\u015fisel verileriniz, a\u00e7\u0131k r\u0131zan\u0131z bulunmadan ba\u015fka bir ama\u00e7la kullan\u0131lmayacakt\u0131r.<\/p>\n\n\n\n<p><strong>4- \u0130\u015flenen Ki\u015fisel Verilerin Kimlere ve Hangi Ama\u00e7la Aktar\u0131labilece\u011fi<\/strong><\/p>\n\n\n\n<p>Toplanan ki\u015fisel verileriniz; VAKIF taraf\u0131ndan sunulan hizmetlerden sizleri faydaland\u0131rmak i\u00e7in gerekli \u00e7al\u0131\u015fmalar\u0131n i\u015f birimlerimiz taraf\u0131ndan yap\u0131lmas\u0131, VAKIF taraf\u0131ndan sunulan hizmetlerin sizlerin talebi ve ihtiya\u00e7lar\u0131na g\u00f6re \u00f6zelle\u015ftirilerek sizlere \u00f6nerilmesi, VAKIF ve VAKIF ile i\u015f ili\u015fkisi i\u00e7erisinde olan ki\u015filerin hukuki ve ticari g\u00fcvenli\u011finin temini ( VAKIF taraf\u0131ndan y\u00fcr\u00fct\u00fclen teknik ve idari operasyonlar, Vak\u0131f\u2019a ait lokasyonlar\u0131n fiziksel g\u00fcvenli\u011fini ve denetimini sa\u011flamak, tedarik\u00e7i de\u011ferlendirme s\u00fcre\u00e7leri, hukuki uyum s\u00fcreci, mali i\u015fler v.b.), Vak\u0131f\u2019\u0131n faaliyet stratejilerinin belirlenmesi ve uygulanmas\u0131 ile insan kaynaklar\u0131 politikalar\u0131n\u0131n y\u00fcr\u00fct\u00fclmesinin temini ama\u00e7lar\u0131yla ortak payda\u015flar\u0131m\u0131za, sundu\u011fumuz hizmetlerin amac\u0131 do\u011frultusunda i\u015f ortaklar\u0131m\u0131z, i\u015f ba\u011flant\u0131lar\u0131m\u0131z, ifa yard\u0131mc\u0131lar\u0131m\u0131z ve alt y\u00fcklenicilerimize, kamu g\u00fcvenli\u011fine ili\u015fkin hususlarda ve hukuki uyu\u015fmazl\u0131klarda, talep halinde ve mevzuat gere\u011fi savc\u0131l\u0131klara, mahkemelere ve ilgili kamu g\u00f6revlilerine bilgi verebilme \u00e7er\u00e7evesinde aktar\u0131labilecektir.<\/p>\n\n\n\n<p><strong>5- Ki\u015fisel Verilerin Saklanmas\u0131 Ve Korunmas\u0131<\/strong><\/p>\n\n\n\n<p>Ki\u015fisel verileriniz, VAKIF nezdinde yer alan veri taban\u0131nda ve sistemlerde KVKK\u2019 n\u0131n 12. maddesi gere\u011fince gizli olarak saklanacak; yasal zorunluluklar ve bu belgede belirtilen d\u00fczenlemeler haricinde hi\u00e7bir \u015fekilde \u00fc\u00e7\u00fcnc\u00fc ki\u015filerle payla\u015f\u0131lmayacakt\u0131r. VAKIF, ki\u015fisel verilerinizin bar\u0131nd\u0131\u011f\u0131 sistemleri ve veri tabanlar\u0131n\u0131, KVKK\u2019 n\u0131n 12. maddesi gere\u011fi ki\u015fisel verilerin hukuka ayk\u0131r\u0131 olarak i\u015flenmesini \u00f6nlemekle, yetkisiz ki\u015filerin eri\u015fimlerini engellemekle, eri\u015fim y\u00f6netimi gibi yaz\u0131l\u0131msal tedbirleri ve fiziksel g\u00fcvenlik \u00f6nlemleri almakla m\u00fckelleftir. Ki\u015fisel verilerin yasal olmayan yollarla ba\u015fkalar\u0131 taraf\u0131ndan elde edilmesinin \u00f6\u011frenilmesi halinde durum derhal, yasal d\u00fczenlemeye uygun ve yaz\u0131l\u0131 olarak Ki\u015fisel Verileri Koruma Kurulu\u2019na bildirilecektir.<\/p>\n\n\n\n<p><strong>6- 6698 Say\u0131l\u0131 KVKK Uyar\u0131nca Ki\u015fisel Veri Sahibinin Haklar\u0131<\/strong><\/p>\n\n\n\n<p>6698 say\u0131l\u0131 KVKK\u2019n\u0131n 11. maddesi gere\u011fince, Ki\u015fisel Veri Sahibi\u2019nin haklar\u0131 a\u015fa\u011f\u0131daki gibidir:<br>1. Ki\u015fisel veri i\u015flenip i\u015flenmedi\u011fini \u00f6\u011frenme,<br>2. Ki\u015fisel verileri i\u015flenmi\u015fse buna ili\u015fkin bilgi talep etme,<br>3. Ki\u015fisel verilerin i\u015flenme amac\u0131n\u0131 ve bunlar\u0131n amac\u0131na uygun kullan\u0131l\u0131p kullan\u0131lmad\u0131\u011f\u0131n\u0131 \u00f6\u011frenme,<br>4. Yurt i\u00e7inde veya yurt d\u0131\u015f\u0131nda ki\u015fisel verilerin aktar\u0131ld\u0131\u011f\u0131 \u00fc\u00e7\u00fcnc\u00fc ki\u015fileri bilme,<br>5. Ki\u015fisel verilerin eksik veya yanl\u0131\u015f i\u015flenmi\u015f olmas\u0131 h\u00e2linde bunlar\u0131n d\u00fczeltilmesini isteme,<br>6. KVKK\u2019n\u0131n 7. maddesinde \u00f6ng\u00f6r\u00fclen \u015fartlar \u00e7er\u00e7evesinde ki\u015fisel verilerin silinmesini veya yok edilmesini isteme,<br>7. Ki\u015fisel verilerin d\u00fczeltilmesi, silinmesi, yok edilmesi halinde bu i\u015flemlerin, ki\u015fisel verilerin aktar\u0131ld\u0131\u011f\u0131 \u00fc\u00e7\u00fcnc\u00fc ki\u015filere de bildirilmesini isteme,<br>8. \u0130\u015flenen verilerin m\u00fcnhas\u0131ran otomatik sistemler vas\u0131tas\u0131yla analiz edilmesi suretiyle ki\u015finin kendisi aleyhine bir sonucun ortaya \u00e7\u0131kmas\u0131na itiraz etme,<br>9. Ki\u015fisel verilerin kanuna ayk\u0131r\u0131 olarak i\u015flenmesi sebebiyle zarara u\u011framas\u0131 h\u00e2linde zarar\u0131n giderilmesini talep etme haklar\u0131na sahiptir.<\/p>\n\n\n\n<p>KVKK\u2019n\u0131n 13. maddesinin 1. f\u0131kras\u0131 gere\u011fince, yukar\u0131da belirtilen haklar\u0131n\u0131z\u0131 kullanmak ile ilgili talebinizi, yaz\u0131l\u0131 olarak Vak\u0131f\u2019a&nbsp;iletmeniz gerekmektedir. Bu \u00e7er\u00e7evede Vak\u0131f\u2019a KVKK\u2019n\u0131n 11. maddesi kapsam\u0131nda yapaca\u011f\u0131n\u0131z ba\u015fvurularda yaz\u0131l\u0131 olarak ba\u015fvurunuzu iletece\u011finiz kanallar ve usuller a\u015fa\u011f\u0131da a\u00e7\u0131klanmaktad\u0131r.<\/p>\n\n\n\n<p>Yukar\u0131da belirtilen haklar\u0131n\u0131z\u0131 kullanmak i\u00e7in kimli\u011finizi tespit edici gerekli bilgiler ile KVK Kanunu\u2019nun11. maddesinde belirtilen haklardan kullanmay\u0131 talep etti\u011finiz hakk\u0131n\u0131za y\u00f6nelik a\u00e7\u0131klamalar\u0131n\u0131z\u0131 i\u00e7eren talebinizi;\u00a0<a href=\"https:\/\/www.pttvakfi.org.tr\/\">http:\/\/www.pttvakfi.org.tr<\/a>\u00a0adresindeki formu doldurarak, formun imzal\u0131 bir n\u00fcshas\u0131n\u0131 PTT ve T\u00fcrk Telekom Vakf\u0131 Korkutreis Mah. Gazi Mustafa Kemal Bulvar\u0131 No:32\/2 Demirtepe &#8211; \u00c7ANKAYA &#8211; ANKARA adresine kimli\u011finizi tespit edici belgeler ile bizzat elden iletebilir, noter kanal\u0131yla veya KVK Kanunu\u2019nda belirtilen di\u011fer y\u00f6ntemler ile g\u00f6nderebilirsiniz.<\/p>\n<\/div>","protected":false},"excerpt":{"rendered":"<p>K\u0130\u015e\u0130SEL VER\u0130LER\u0130N KORUNMASI KANUNU HAKKINDA B\u0130LG\u0130LEND\u0130RME PTT ve T\u00fcrk Telekom<a href=\"https:\/\/pttvakfi.org.tr\/index.php\/kurumsal\/kvk-kanunu\/\">Daha Fazla Oku<i class=\"fa fa-long-arrow-right\" aria-hidden=\"true\"><\/i><\/a><\/p>\n","protected":false},"author":3,"featured_media":0,"parent":138,"menu_order":0,"comment_status":"closed","ping_status":"closed","template":"","meta":[],"_links":{"self":[{"href":"https:\/\/pttvakfi.org.tr\/index.php\/wp-json\/wp\/v2\/pages\/80"}],"collection":[{"href":"https:\/\/pttvakfi.org.tr\/index.php\/wp-json\/wp\/v2\/pages"}],"about":[{"href":"https:\/\/pttvakfi.org.tr\/index.php\/wp-json\/wp\/v2\/types\/page"}],"author":[{"embeddable":true,"href":"https:\/\/pttvakfi.org.tr\/index.php\/wp-json\/wp\/v2\/users\/3"}],"replies":[{"embeddable":true,"href":"https:\/\/pttvakfi.org.tr\/index.php\/wp-json\/wp\/v2\/comments?post=80"}],"version-history":[{"count":2,"href":"https:\/\/pttvakfi.org.tr\/index.php\/wp-json\/wp\/v2\/pages\/80\/revisions"}],"predecessor-version":[{"id":1388,"href":"https:\/\/pttvakfi.org.tr\/index.php\/wp-json\/wp\/v2\/pages\/80\/revisions\/1388"}],"up":[{"embeddable":true,"href":"https:\/\/pttvakfi.org.tr\/index.php\/wp-json\/wp\/v2\/pages\/138"}],"wp:attachment":[{"href":"https:\/\/pttvakfi.org.tr\/index.php\/wp-json\/wp\/v2\/media?parent=80"}],"curies":[{"name":"wp","href":"https:\/\/api.w.org\/{rel}","templated":true}]}}