{"id":88,"date":"2023-04-06T14:13:52","date_gmt":"2023-04-06T11:13:52","guid":{"rendered":"http:\/\/10.135.32.32\/?page_id=88"},"modified":"2023-04-06T14:13:52","modified_gmt":"2023-04-06T11:13:52","slug":"mudurluk","status":"publish","type":"page","link":"https:\/\/pttvakfi.org.tr\/index.php\/kurumsal\/mudurluk\/","title":{"rendered":"M\u00fcd\u00fcrl\u00fck"},"content":{"rendered":"","protected":false},"excerpt":{"rendered":"","protected":false},"author":3,"featured_media":0,"parent":138,"menu_order":4,"comment_status":"closed","ping_status":"closed","template":"","meta":[],"_links":{"self":[{"href":"https:\/\/pttvakfi.org.tr\/index.php\/wp-json\/wp\/v2\/pages\/88"}],"collection":[{"href":"https:\/\/pttvakfi.org.tr\/index.php\/wp-json\/wp\/v2\/pages"}],"about":[{"href":"https:\/\/pttvakfi.org.tr\/index.php\/wp-json\/wp\/v2\/types\/page"}],"author":[{"embeddable":true,"href":"https:\/\/pttvakfi.org.tr\/index.php\/wp-json\/wp\/v2\/users\/3"}],"replies":[{"embeddable":true,"href":"https:\/\/pttvakfi.org.tr\/index.php\/wp-json\/wp\/v2\/comments?post=88"}],"version-history":[{"count":0,"href":"https:\/\/pttvakfi.org.tr\/index.php\/wp-json\/wp\/v2\/pages\/88\/revisions"}],"up":[{"embeddable":true,"href":"https:\/\/pttvakfi.org.tr\/index.php\/wp-json\/wp\/v2\/pages\/138"}],"wp:attachment":[{"href":"https:\/\/pttvakfi.org.tr\/index.php\/wp-json\/wp\/v2\/media?parent=88"}],"curies":[{"name":"wp","href":"https:\/\/api.w.org\/{rel}","templated":true}]}}