{"id":90,"date":"2023-04-06T14:14:00","date_gmt":"2023-04-06T11:14:00","guid":{"rendered":"http:\/\/10.135.32.32\/?page_id=90"},"modified":"2023-07-14T12:05:02","modified_gmt":"2023-07-14T09:05:02","slug":"calisanlarimiz","status":"publish","type":"page","link":"https:\/\/pttvakfi.org.tr\/index.php\/kurumsal\/calisanlarimiz\/","title":{"rendered":"\u00c7al\u0131\u015fanlar\u0131m\u0131z"},"content":{"rendered":"","protected":false},"excerpt":{"rendered":"","protected":false},"author":3,"featured_media":0,"parent":138,"menu_order":5,"comment_status":"closed","ping_status":"closed","template":"","meta":[],"_links":{"self":[{"href":"https:\/\/pttvakfi.org.tr\/index.php\/wp-json\/wp\/v2\/pages\/90"}],"collection":[{"href":"https:\/\/pttvakfi.org.tr\/index.php\/wp-json\/wp\/v2\/pages"}],"about":[{"href":"https:\/\/pttvakfi.org.tr\/index.php\/wp-json\/wp\/v2\/types\/page"}],"author":[{"embeddable":true,"href":"https:\/\/pttvakfi.org.tr\/index.php\/wp-json\/wp\/v2\/users\/3"}],"replies":[{"embeddable":true,"href":"https:\/\/pttvakfi.org.tr\/index.php\/wp-json\/wp\/v2\/comments?post=90"}],"version-history":[{"count":0,"href":"https:\/\/pttvakfi.org.tr\/index.php\/wp-json\/wp\/v2\/pages\/90\/revisions"}],"up":[{"embeddable":true,"href":"https:\/\/pttvakfi.org.tr\/index.php\/wp-json\/wp\/v2\/pages\/138"}],"wp:attachment":[{"href":"https:\/\/pttvakfi.org.tr\/index.php\/wp-json\/wp\/v2\/media?parent=90"}],"curies":[{"name":"wp","href":"https:\/\/api.w.org\/{rel}","templated":true}]}}